{"id":6799,"date":"2022-04-19T15:27:31","date_gmt":"2022-04-19T15:27:31","guid":{"rendered":"http:\/\/comcom.sn\/?page_id=6799"},"modified":"2022-07-22T20:16:08","modified_gmt":"2022-07-22T20:16:08","slug":"gestionnaire-recouvreur-de-creances","status":"publish","type":"page","link":"http:\/\/comcom.sn\/index.php\/gestionnaire-recouvreur-de-creances\/","title":{"rendered":"GESTIONNAIRE \u2013 RECOUVREUR DE CREANCES"},"content":{"rendered":"\t\t<div data-elementor-type=\"wp-page\" data-elementor-id=\"6799\" class=\"elementor elementor-6799\">\n\t\t\t\t\t\t\t        <section class=\"elementor-section elementor-top-section elementor-element elementor-element-15b2078 elementor-section-boxed elementor-section-height-default elementor-section-height-default\" data-id=\"15b2078\" data-element_type=\"section\">\n            \n                        <div class=\"elementor-container elementor-column-gap-default \">\n                    <div class=\"elementor-column elementor-col-100 elementor-top-column elementor-element elementor-element-5db6972\" data-id=\"5db6972\" data-element_type=\"column\">\n            <div class=\"elementor-widget-wrap\">\n                                    <\/div>\n        <\/div>\n                            <\/div>\n        <\/section>\n                <section class=\"elementor-section elementor-top-section elementor-element elementor-element-f4fc09c elementor-section-stretched elementor-section-content-middle elementor-section-boxed elementor-section-height-default elementor-section-height-default\" data-id=\"f4fc09c\" data-element_type=\"section\" data-settings=\"{&quot;stretch_section&quot;:&quot;section-stretched&quot;,&quot;background_background&quot;:&quot;classic&quot;}\">\n            \n                        <div class=\"elementor-container elementor-column-gap-extended \">\n                    <div class=\"elementor-column elementor-col-50 elementor-top-column elementor-element elementor-element-62456fb\" data-id=\"62456fb\" data-element_type=\"column\">\n            <div class=\"elementor-widget-wrap elementor-element-populated\">\n                        \t\t<div class=\"elementor-element elementor-element-81e8a22 elementor-widget elementor-widget-ct_text_editor\" data-id=\"81e8a22\" data-element_type=\"widget\" data-widget_type=\"ct_text_editor.default\">\n\t\t\t\t<div class=\"elementor-widget-container\">\n\t\t\t<div id=\"ct_text_editor-81e8a22\" class=\"ct-text-editor \" data-wow-delay=\"ms\">\n\t<div class=\"ct-inline-css\"  data-css=\"\n        \t\t\">\n\n    <\/div>\n\t<div class=\"ct-text-editor elementor-clearfix\">\n\t\t<p>Le recouvrement des cr\u00e9ances pr\u00e9sente un int\u00e9r\u00eat particulier et crucial tant pour les banques, les soci\u00e9t\u00e9s d\u2019assurance les entreprises dans le cadre de leurs activit\u00e9s commerciales ou financi\u00e8res que pour les particuliers.<\/p><p>Le l\u00e9gislateur OHADA, protecteur des investissements, a adopt\u00e9 l&rsquo;Acte uniforme portant organisation des proc\u00e9dures simplifi\u00e9es de recouvrement et des voies d&rsquo;ex\u00e9cution. C&rsquo;est un outil juridique mis \u00e0 la disposition des cr\u00e9anciers pour leur permettre de recouvrer leurs cr\u00e9ances impay\u00e9es.<\/p><p>Son association \u00e0 d&rsquo;autres textes, notamment l&rsquo;Acte uniforme portant organisation des s\u00fbret\u00e9s, permet aux cr\u00e9anciers d&rsquo;adopter de mesures pr\u00e9ventives contre les impay\u00e9s.<\/p><p>Il est donc important pour le cr\u00e9ancier de connaitre et pouvoir utiliser ces proc\u00e9dures simples et peu co\u00fbteuses afin de recouvrer rapidement sa cr\u00e9ance et pr\u00e9server ainsi ses droits.<\/p><p>Le travail du recouvreur de cr\u00e9ances se r\u00e9sume \u00e0 user de tous les moyens amicaux et l\u00e9gaux pour que les cr\u00e9ances de l\u2019organisation soient pay\u00e9es par ses d\u00e9biteurs.<\/p>\t\t\n\t<\/div>\n<\/div>\t\t<\/div>\n\t\t\t\t<\/div>\n\t\t\t\t<div class=\"elementor-element elementor-element-02f2474 elementor-widget elementor-widget-spacer\" data-id=\"02f2474\" data-element_type=\"widget\" data-widget_type=\"spacer.default\">\n\t\t\t\t<div class=\"elementor-widget-container\">\n\t\t\t<style>\/*! elementor - v3.7.1 - 14-08-2022 *\/\n.elementor-column .elementor-spacer-inner{height:var(--spacer-size)}.e-container{--container-widget-width:100%}.e-container>.elementor-widget-spacer{width:var(--container-widget-width,var(--spacer-size));-ms-flex-item-align:stretch;align-self:stretch;-ms-flex-negative:0;flex-shrink:0}.e-container>.elementor-widget-spacer>.elementor-widget-container,.e-container>.elementor-widget-spacer>.elementor-widget-container>.elementor-spacer{height:100%}.e-container>.elementor-widget-spacer>.elementor-widget-container>.elementor-spacer>.elementor-spacer-inner{height:var(--container-widget-height,var(--spacer-size))}<\/style>\t\t<div class=\"elementor-spacer\">\n\t\t\t<div class=\"elementor-spacer-inner\"><\/div>\n\t\t<\/div>\n\t\t\t\t<\/div>\n\t\t\t\t<\/div>\n\t\t\t\t<div class=\"elementor-element elementor-element-55c49e7 elementor-widget elementor-widget-image\" data-id=\"55c49e7\" data-element_type=\"widget\" data-widget_type=\"image.default\">\n\t\t\t\t<div class=\"elementor-widget-container\">\n\t\t\t<style>\/*! elementor - v3.7.1 - 14-08-2022 *\/\n.elementor-widget-image{text-align:center}.elementor-widget-image a{display:inline-block}.elementor-widget-image a img[src$=\".svg\"]{width:48px}.elementor-widget-image img{vertical-align:middle;display:inline-block}<\/style>\t\t\t\t\t\t\t\t\t\t\t\t<img width=\"640\" height=\"376\" src=\"http:\/\/comcom.sn\/wp-content\/uploads\/2022\/07\/tunisie-creances-banque.jpeg\" class=\"attachment-large size-large\" alt=\"\" srcset=\"http:\/\/comcom.sn\/wp-content\/uploads\/2022\/07\/tunisie-creances-banque.jpeg 680w, http:\/\/comcom.sn\/wp-content\/uploads\/2022\/07\/tunisie-creances-banque-300x176.jpeg 300w, http:\/\/comcom.sn\/wp-content\/uploads\/2022\/07\/tunisie-creances-banque-600x353.jpeg 600w\" sizes=\"(max-width: 640px) 100vw, 640px\" \/>\t\t\t\t\t\t\t\t\t\t\t\t\t\t\t<\/div>\n\t\t\t\t<\/div>\n\t\t            <\/div>\n        <\/div>\n                <div class=\"elementor-column elementor-col-50 elementor-top-column elementor-element elementor-element-fc69b95\" data-id=\"fc69b95\" data-element_type=\"column\">\n            <div class=\"elementor-widget-wrap elementor-element-populated\">\n                        \t\t<div class=\"elementor-element elementor-element-0298995 elementor-widget elementor-widget-image\" data-id=\"0298995\" data-element_type=\"widget\" data-widget_type=\"image.default\">\n\t\t\t\t<div class=\"elementor-widget-container\">\n\t\t\t\t\t\t\t\t\t\t\t\t\t\t\t<img width=\"640\" height=\"427\" src=\"http:\/\/comcom.sn\/wp-content\/uploads\/2022\/05\/GESTIONNAIRE-DE-PAYE-1024x683.jpg\" class=\"attachment-large size-large\" alt=\"\" srcset=\"http:\/\/comcom.sn\/wp-content\/uploads\/2022\/05\/GESTIONNAIRE-DE-PAYE-1024x683.jpg 1024w, http:\/\/comcom.sn\/wp-content\/uploads\/2022\/05\/GESTIONNAIRE-DE-PAYE-300x200.jpg 300w, http:\/\/comcom.sn\/wp-content\/uploads\/2022\/05\/GESTIONNAIRE-DE-PAYE-768x512.jpg 768w, http:\/\/comcom.sn\/wp-content\/uploads\/2022\/05\/GESTIONNAIRE-DE-PAYE-600x400.jpg 600w, http:\/\/comcom.sn\/wp-content\/uploads\/2022\/05\/GESTIONNAIRE-DE-PAYE.jpg 1200w\" sizes=\"(max-width: 640px) 100vw, 640px\" \/>\t\t\t\t\t\t\t\t\t\t\t\t\t\t\t<\/div>\n\t\t\t\t<\/div>\n\t\t\t\t<div class=\"elementor-element elementor-element-74fa331 elementor-widget elementor-widget-spacer\" data-id=\"74fa331\" data-element_type=\"widget\" data-widget_type=\"spacer.default\">\n\t\t\t\t<div class=\"elementor-widget-container\">\n\t\t\t\t\t<div class=\"elementor-spacer\">\n\t\t\t<div class=\"elementor-spacer-inner\"><\/div>\n\t\t<\/div>\n\t\t\t\t<\/div>\n\t\t\t\t<\/div>\n\t\t\t\t<div class=\"elementor-element elementor-element-4fad8a7 elementor-widget elementor-widget-ct_text_editor\" data-id=\"4fad8a7\" data-element_type=\"widget\" data-widget_type=\"ct_text_editor.default\">\n\t\t\t\t<div class=\"elementor-widget-container\">\n\t\t\t<div id=\"ct_text_editor-4fad8a7\" class=\"ct-text-editor \" data-wow-delay=\"ms\">\n\t<div class=\"ct-inline-css\"  data-css=\"\n        \t\t\">\n\n    <\/div>\n\t<div class=\"ct-text-editor elementor-clearfix\">\n\t\t<p>A la fin de cette formation, les participants seront en mesure de\u00a0:<\/p><ul><li>conna\u00eetre les techniques et les outils en vue d&rsquo;un choix de strat\u00e9gies de recouvrement appropri\u00e9es<\/li><li>maitriser au mieux les proc\u00e9dures simplifi\u00e9es de recouvrement en droit OHADA, notamment la proc\u00e9dure d&rsquo;injonction de payer et la proc\u00e9dure d&rsquo;injonction de d\u00e9livrer ou de restituer, \u00e0 travers une \u00e9tude pratique de l&rsquo;Acte uniforme OHADA portant organisation des proc\u00e9dures simplifi\u00e9es de recouvrement et des voies d&rsquo;ex\u00e9cution.<\/li><li>s&rsquo;approprier les moyens efficaces pour recouvrer leurs cr\u00e9ances par la proc\u00e9dure de saisie-attribution.<\/li><li>permettre aux diff\u00e9rents acteurs concern\u00e9s dans l&rsquo;espace juridique OHADA d&rsquo;\u00e9changer et d&rsquo;\u00e9voquer leurs pr\u00e9occupations respectives en mati\u00e8re de recouvrement de cr\u00e9ances et de proc\u00e9dure contentieuse.<\/li><li>tout savoir sur l&rsquo;\u00e9volution et l&rsquo;actualit\u00e9 du recouvrement au regard de la jurisprudence r\u00e9cente de la CCJA\/OHADA.<\/li><li>S&rsquo;approprier du R\u00e8glement de proc\u00e9dure de la CCJA\u00a0;<\/li><li>Ma\u00eetriser, avec l&rsquo;appui d&rsquo;exemples concrets, la proc\u00e9dure de saisine de la CCJA\u00a0;<\/li><li>identifier les incidents de proc\u00e9dure pouvant influencer son \u00e9volution;<\/li><li>mieux g\u00e9rer le d\u00e9roulement de toute la proc\u00e9dure contentieuse devant la CCJA\u00a0;<\/li><li>mettre en \u0153uvre des proc\u00e9dures de recouvrement et de saisie attribution les plus adapt\u00e9es aux chances d&rsquo;ex\u00e9cution sur le patrimoine du d\u00e9biteur, \u00e9valu\u00e9es au regard du contexte et des perspectives \u00e9conomiques des activit\u00e9s de ce dernier.<\/li><li>ma\u00eetriser les cl\u00e9s, les strat\u00e9gies et les subtilit\u00e9s juridiques pour mettre \u00e0 n\u00e9ant des actes mal diligent\u00e9s<\/li><\/ul><p>\u00a0<\/p>\t\t\n\t<\/div>\n<\/div>\t\t<\/div>\n\t\t\t\t<\/div>\n\t\t            <\/div>\n        <\/div>\n                            <\/div>\n        <\/section>\n        \t\t\t\t\t<\/div>\n\t\t","protected":false},"excerpt":{"rendered":"<p>Le recouvrement des cr\u00e9ances pr\u00e9sente un int\u00e9r\u00eat particulier et crucial tant pour les banques, les soci\u00e9t\u00e9s d\u2019assurance les entreprises dans le cadre de leurs activit\u00e9s commerciales ou financi\u00e8res que pour les particuliers. Le l\u00e9gislateur OHADA, protecteur des investissements, a adopt\u00e9 l\u2019Acte uniforme portant organisation des proc\u00e9dures simplifi\u00e9es de recouvrement et des voies d\u2019ex\u00e9cution. C\u2019est un [&hellip;]<\/p>\n","protected":false},"author":2,"featured_media":0,"parent":0,"menu_order":0,"comment_status":"closed","ping_status":"closed","template":"","meta":[],"_links":{"self":[{"href":"http:\/\/comcom.sn\/index.php\/wp-json\/wp\/v2\/pages\/6799"}],"collection":[{"href":"http:\/\/comcom.sn\/index.php\/wp-json\/wp\/v2\/pages"}],"about":[{"href":"http:\/\/comcom.sn\/index.php\/wp-json\/wp\/v2\/types\/page"}],"author":[{"embeddable":true,"href":"http:\/\/comcom.sn\/index.php\/wp-json\/wp\/v2\/users\/2"}],"replies":[{"embeddable":true,"href":"http:\/\/comcom.sn\/index.php\/wp-json\/wp\/v2\/comments?post=6799"}],"version-history":[{"count":9,"href":"http:\/\/comcom.sn\/index.php\/wp-json\/wp\/v2\/pages\/6799\/revisions"}],"predecessor-version":[{"id":7145,"href":"http:\/\/comcom.sn\/index.php\/wp-json\/wp\/v2\/pages\/6799\/revisions\/7145"}],"wp:attachment":[{"href":"http:\/\/comcom.sn\/index.php\/wp-json\/wp\/v2\/media?parent=6799"}],"curies":[{"name":"wp","href":"https:\/\/api.w.org\/{rel}","templated":true}]}}