{"id":6691,"date":"2022-04-15T17:49:20","date_gmt":"2022-04-15T17:49:20","guid":{"rendered":"http:\/\/comcom.sn\/?page_id=6691"},"modified":"2022-07-22T20:24:53","modified_gmt":"2022-07-22T20:24:53","slug":"developpeur-dapplications-web","status":"publish","type":"page","link":"http:\/\/comcom.sn\/index.php\/developpeur-dapplications-web\/","title":{"rendered":"DEVELOPPEUR D\u2019APPLICATIONS WEB"},"content":{"rendered":"\t\t<div data-elementor-type=\"wp-page\" data-elementor-id=\"6691\" class=\"elementor elementor-6691\">\n\t\t\t\t\t\t\t        <section class=\"elementor-section elementor-top-section elementor-element elementor-element-357efb1 elementor-section-boxed elementor-section-height-default elementor-section-height-default\" data-id=\"357efb1\" data-element_type=\"section\">\n            \n                        <div class=\"elementor-container elementor-column-gap-default \">\n                    <div class=\"elementor-column elementor-col-100 elementor-top-column elementor-element elementor-element-2fcf683\" data-id=\"2fcf683\" data-element_type=\"column\">\n            <div class=\"elementor-widget-wrap\">\n                                    <\/div>\n        <\/div>\n                            <\/div>\n        <\/section>\n                <section class=\"elementor-section elementor-top-section elementor-element elementor-element-81e3962 elementor-section-stretched elementor-section-content-middle elementor-section-boxed elementor-section-height-default elementor-section-height-default\" data-id=\"81e3962\" data-element_type=\"section\" data-settings=\"{&quot;stretch_section&quot;:&quot;section-stretched&quot;,&quot;background_background&quot;:&quot;classic&quot;}\">\n            \n                        <div class=\"elementor-container elementor-column-gap-extended \">\n                    <div class=\"elementor-column elementor-col-50 elementor-top-column elementor-element elementor-element-bbcaab0\" data-id=\"bbcaab0\" data-element_type=\"column\">\n            <div class=\"elementor-widget-wrap elementor-element-populated\">\n                        \t\t<div class=\"elementor-element elementor-element-dc3065c elementor-widget elementor-widget-ct_text_editor\" data-id=\"dc3065c\" data-element_type=\"widget\" data-widget_type=\"ct_text_editor.default\">\n\t\t\t\t<div class=\"elementor-widget-container\">\n\t\t\t<div id=\"ct_text_editor-dc3065c\" class=\"ct-text-editor \" data-wow-delay=\"ms\">\n\t<div class=\"ct-inline-css\"  data-css=\"\n        \t\t\">\n\n    <\/div>\n\t<div class=\"ct-text-editor elementor-clearfix\">\n\t\t<p>Le d\u00e9veloppeur \/ La d\u00e9veloppeuse web r\u00e9alise l\u2019ensemble des fonctionnalit\u00e9s d\u2019un site ou d\u2019une application web. Il\/Elle con\u00e7oit sur mesure ou adapte des solutions techniques existantes en fonction de la demande du client.<\/p><p>\u00c0 partir du cahier des charges r\u00e9dig\u00e9 par le chef de projet en fonction des d\u00e9sirs du client, le d\u00e9veloppeur web \/ la d\u00e9veloppeuse web analyse les besoins, choisit la solution technique la mieux adapt\u00e9e et d\u00e9veloppe les fonctionnalit\u00e9s du site web ou de l&rsquo;application web. Pour cette derni\u00e8re \u00e9tape, il r\u00e9dige des lignes de code.<\/p><p>Le d\u00e9veloppeur web peut aussi apporter des solutions aux probl\u00e8mes pr\u00e9sents dans un site d\u00e9j\u00e0 en ligne et d\u00e9tect\u00e9s par le client ou par les internautes. Dans ce cas, le d\u00e9veloppeur proc\u00e8de au diagnostic et \u00e0 la mise en ligne des corrections, sans interruption du fonctionnement du site.<\/p><p>Selon les termes du contrat, le d\u00e9veloppeur effectue parfois la formation du client \u00e0 la r\u00e9ception du site et\/ou suivre, tout au long de la vie du site, le support technique con\u00e7u et r\u00e9alis\u00e9 par lui. Autrement dit, un d\u00e9veloppeur m\u00e8ne souvent plusieurs types de r\u00e9alisations \u00e0 la fois.<\/p>\t\t\n\t<\/div>\n<\/div>\t\t<\/div>\n\t\t\t\t<\/div>\n\t\t\t\t<div class=\"elementor-element elementor-element-0245986 elementor-widget elementor-widget-spacer\" data-id=\"0245986\" data-element_type=\"widget\" data-widget_type=\"spacer.default\">\n\t\t\t\t<div class=\"elementor-widget-container\">\n\t\t\t<style>\/*! elementor - v3.7.1 - 14-08-2022 *\/\n.elementor-column .elementor-spacer-inner{height:var(--spacer-size)}.e-container{--container-widget-width:100%}.e-container>.elementor-widget-spacer{width:var(--container-widget-width,var(--spacer-size));-ms-flex-item-align:stretch;align-self:stretch;-ms-flex-negative:0;flex-shrink:0}.e-container>.elementor-widget-spacer>.elementor-widget-container,.e-container>.elementor-widget-spacer>.elementor-widget-container>.elementor-spacer{height:100%}.e-container>.elementor-widget-spacer>.elementor-widget-container>.elementor-spacer>.elementor-spacer-inner{height:var(--container-widget-height,var(--spacer-size))}<\/style>\t\t<div class=\"elementor-spacer\">\n\t\t\t<div class=\"elementor-spacer-inner\"><\/div>\n\t\t<\/div>\n\t\t\t\t<\/div>\n\t\t\t\t<\/div>\n\t\t\t\t<div class=\"elementor-element elementor-element-6a60862 elementor-widget elementor-widget-image\" data-id=\"6a60862\" data-element_type=\"widget\" data-widget_type=\"image.default\">\n\t\t\t\t<div class=\"elementor-widget-container\">\n\t\t\t<style>\/*! elementor - v3.7.1 - 14-08-2022 *\/\n.elementor-widget-image{text-align:center}.elementor-widget-image a{display:inline-block}.elementor-widget-image a img[src$=\".svg\"]{width:48px}.elementor-widget-image img{vertical-align:middle;display:inline-block}<\/style>\t\t\t\t\t\t\t\t\t\t\t\t<img width=\"368\" height=\"290\" src=\"http:\/\/comcom.sn\/wp-content\/uploads\/2022\/03\/formation.jpg\" class=\"attachment-large size-large\" alt=\"\" srcset=\"http:\/\/comcom.sn\/wp-content\/uploads\/2022\/03\/formation.jpg 368w, http:\/\/comcom.sn\/wp-content\/uploads\/2022\/03\/formation-300x236.jpg 300w\" sizes=\"(max-width: 368px) 100vw, 368px\" \/>\t\t\t\t\t\t\t\t\t\t\t\t\t\t\t<\/div>\n\t\t\t\t<\/div>\n\t\t            <\/div>\n        <\/div>\n                <div class=\"elementor-column elementor-col-50 elementor-top-column elementor-element elementor-element-175a92f\" data-id=\"175a92f\" data-element_type=\"column\">\n            <div class=\"elementor-widget-wrap elementor-element-populated\">\n                        \t\t<div class=\"elementor-element elementor-element-b86d078 elementor-widget elementor-widget-image\" data-id=\"b86d078\" data-element_type=\"widget\" data-widget_type=\"image.default\">\n\t\t\t\t<div class=\"elementor-widget-container\">\n\t\t\t\t\t\t\t\t\t\t\t\t\t\t\t<img width=\"640\" height=\"427\" src=\"http:\/\/comcom.sn\/wp-content\/uploads\/2022\/05\/developpeur-informatique-1024x683.jpg\" class=\"attachment-large size-large\" alt=\"\" srcset=\"http:\/\/comcom.sn\/wp-content\/uploads\/2022\/05\/developpeur-informatique-1024x683.jpg 1024w, http:\/\/comcom.sn\/wp-content\/uploads\/2022\/05\/developpeur-informatique-300x200.jpg 300w, http:\/\/comcom.sn\/wp-content\/uploads\/2022\/05\/developpeur-informatique-768x512.jpg 768w, http:\/\/comcom.sn\/wp-content\/uploads\/2022\/05\/developpeur-informatique-600x400.jpg 600w, http:\/\/comcom.sn\/wp-content\/uploads\/2022\/05\/developpeur-informatique.jpg 1200w\" sizes=\"(max-width: 640px) 100vw, 640px\" \/>\t\t\t\t\t\t\t\t\t\t\t\t\t\t\t<\/div>\n\t\t\t\t<\/div>\n\t\t\t\t<div class=\"elementor-element elementor-element-3f0c072 elementor-widget elementor-widget-spacer\" data-id=\"3f0c072\" data-element_type=\"widget\" data-widget_type=\"spacer.default\">\n\t\t\t\t<div class=\"elementor-widget-container\">\n\t\t\t\t\t<div class=\"elementor-spacer\">\n\t\t\t<div class=\"elementor-spacer-inner\"><\/div>\n\t\t<\/div>\n\t\t\t\t<\/div>\n\t\t\t\t<\/div>\n\t\t\t\t<div class=\"elementor-element elementor-element-dd3feeb elementor-widget elementor-widget-ct_text_editor\" data-id=\"dd3feeb\" data-element_type=\"widget\" data-widget_type=\"ct_text_editor.default\">\n\t\t\t\t<div class=\"elementor-widget-container\">\n\t\t\t<div id=\"ct_text_editor-dd3feeb\" class=\"ct-text-editor \" data-wow-delay=\"ms\">\n\t<div class=\"ct-inline-css\"  data-css=\"\n        \t\t\">\n\n    <\/div>\n\t<div class=\"ct-text-editor elementor-clearfix\">\n\t\t<p>Parall\u00e8lement \u00e0 cette activit\u00e9 principale, le d\u00e9veloppeur web r\u00e9alise des notices techniques d\u2019installation et des guides destin\u00e9s aux utilisateurs.<\/p><p>Pour exercer ce m\u00e9tier, il faut \u00eatre passionn\u00e9 d\u2019informatique et ma\u00eetriser un ou plusieurs langages de d\u00e9veloppement web<\/p><p>Le d\u00e9veloppeur web doit \u00eatre polyvalent, autonome, respectueux des d\u00e9lais et capable d\u2019int\u00e9grer de nouveaux concepts et langages de programmation dans un univers qui \u00e9volue tr\u00e8s rapidement.<\/p><p>Le m\u00e9tier peut s&rsquo;exercer dans une agence web, une SSII (soci\u00e9t\u00e9 de services en ing\u00e9nierie informatique), en tant que salari\u00e9 ou en ind\u00e9pendant, ou encore directement chez le client.<\/p>\t\t\n\t<\/div>\n<\/div>\t\t<\/div>\n\t\t\t\t<\/div>\n\t\t            <\/div>\n        <\/div>\n                            <\/div>\n        <\/section>\n        \t\t\t\t\t<\/div>\n\t\t","protected":false},"excerpt":{"rendered":"<p>Le d\u00e9veloppeur \/ La d\u00e9veloppeuse web r\u00e9alise l\u2019ensemble des fonctionnalit\u00e9s d\u2019un site ou d\u2019une application web. Il\/Elle con\u00e7oit sur mesure ou adapte des solutions techniques existantes en fonction de la demande du client. \u00c0 partir du cahier des charges r\u00e9dig\u00e9 par le chef de projet en fonction des d\u00e9sirs du client, le d\u00e9veloppeur web \/ [&hellip;]<\/p>\n","protected":false},"author":2,"featured_media":0,"parent":0,"menu_order":0,"comment_status":"closed","ping_status":"closed","template":"","meta":[],"_links":{"self":[{"href":"http:\/\/comcom.sn\/index.php\/wp-json\/wp\/v2\/pages\/6691"}],"collection":[{"href":"http:\/\/comcom.sn\/index.php\/wp-json\/wp\/v2\/pages"}],"about":[{"href":"http:\/\/comcom.sn\/index.php\/wp-json\/wp\/v2\/types\/page"}],"author":[{"embeddable":true,"href":"http:\/\/comcom.sn\/index.php\/wp-json\/wp\/v2\/users\/2"}],"replies":[{"embeddable":true,"href":"http:\/\/comcom.sn\/index.php\/wp-json\/wp\/v2\/comments?post=6691"}],"version-history":[{"count":8,"href":"http:\/\/comcom.sn\/index.php\/wp-json\/wp\/v2\/pages\/6691\/revisions"}],"predecessor-version":[{"id":7150,"href":"http:\/\/comcom.sn\/index.php\/wp-json\/wp\/v2\/pages\/6691\/revisions\/7150"}],"wp:attachment":[{"href":"http:\/\/comcom.sn\/index.php\/wp-json\/wp\/v2\/media?parent=6691"}],"curies":[{"name":"wp","href":"https:\/\/api.w.org\/{rel}","templated":true}]}}