{"id":6683,"date":"2022-04-15T17:42:56","date_gmt":"2022-04-15T17:42:56","guid":{"rendered":"http:\/\/comcom.sn\/?page_id=6683"},"modified":"2022-07-26T17:05:07","modified_gmt":"2022-07-26T17:05:07","slug":"gestionnaire-de-paie","status":"publish","type":"page","link":"http:\/\/comcom.sn\/index.php\/gestionnaire-de-paie\/","title":{"rendered":"GESTIONNAIRE DE PAIE"},"content":{"rendered":"\t\t<div data-elementor-type=\"wp-page\" data-elementor-id=\"6683\" class=\"elementor elementor-6683\">\n\t\t\t\t\t\t\t        <section class=\"elementor-section elementor-top-section elementor-element elementor-element-c111a2d elementor-section-boxed elementor-section-height-default elementor-section-height-default\" data-id=\"c111a2d\" data-element_type=\"section\">\n            \n                        <div class=\"elementor-container elementor-column-gap-default \">\n                    <div class=\"elementor-column elementor-col-100 elementor-top-column elementor-element elementor-element-50f35ee\" data-id=\"50f35ee\" data-element_type=\"column\">\n            <div class=\"elementor-widget-wrap\">\n                                    <\/div>\n        <\/div>\n                            <\/div>\n        <\/section>\n                <section class=\"elementor-section elementor-top-section elementor-element elementor-element-d9a3c70 elementor-section-stretched elementor-section-content-middle elementor-section-boxed elementor-section-height-default elementor-section-height-default\" data-id=\"d9a3c70\" data-element_type=\"section\" data-settings=\"{&quot;stretch_section&quot;:&quot;section-stretched&quot;,&quot;background_background&quot;:&quot;classic&quot;}\">\n            \n                        <div class=\"elementor-container elementor-column-gap-extended \">\n                    <div class=\"elementor-column elementor-col-50 elementor-top-column elementor-element elementor-element-ad0488f\" data-id=\"ad0488f\" data-element_type=\"column\">\n            <div class=\"elementor-widget-wrap elementor-element-populated\">\n                        \t\t<div class=\"elementor-element elementor-element-18dfd6d elementor-widget elementor-widget-ct_text_editor\" data-id=\"18dfd6d\" data-element_type=\"widget\" data-widget_type=\"ct_text_editor.default\">\n\t\t\t\t<div class=\"elementor-widget-container\">\n\t\t\t<div id=\"ct_text_editor-18dfd6d\" class=\"ct-text-editor \" data-wow-delay=\"ms\">\n\t<div class=\"ct-inline-css\"  data-css=\"\n        \t\t\">\n\n    <\/div>\n\t<div class=\"ct-text-editor elementor-clearfix\">\n\t\t<p>Le gestionnaire paie, appel\u00e9 aussi \u00ab\u00a0Comptable Paie\u00a0\u00bb s&rsquo;occupe de l&rsquo;ensemble des \u00e9l\u00e9ments de r\u00e9mun\u00e9ration des salari\u00e9s d&rsquo;une ou de plusieurs entreprises.<\/p><p>Il est charg\u00e9\u00a0:<\/p>\t\t\n\t<\/div>\n<\/div>\t\t<\/div>\n\t\t\t\t<\/div>\n\t\t\t\t<div class=\"elementor-element elementor-element-12a71e9 elementor-widget elementor-widget-ct_list\" data-id=\"12a71e9\" data-element_type=\"widget\" data-widget_type=\"ct_list.default\">\n\t\t\t\t<div class=\"elementor-widget-container\">\n\t\t\t    <div class=\"ct-list\">\r\n                    <div class=\"ct-list-item \">\r\n                                    <div class=\"ct-list-icon\">\r\n                        <i aria-hidden=\"true\" class=\"far fa-arrow-alt-circle-right\"><\/i>                    <\/div>\r\n                            \t<div class=\"ct-list-content\">\r\n\t            \tD'assurer le traitement de la paie dans l'entreprise,\t            <\/div>\r\n           <\/div>\r\n                    <div class=\"ct-list-item \">\r\n                                    <div class=\"ct-list-icon\">\r\n                        <i aria-hidden=\"true\" class=\"far fa-arrow-alt-circle-right\"><\/i>                    <\/div>\r\n                            \t<div class=\"ct-list-content\">\r\n\t            \tDe la collecte des \u00e9l\u00e9ments n\u00e9cessaires \u00e0 l'\u00e9laboration des paies\t            <\/div>\r\n           <\/div>\r\n                    <div class=\"ct-list-item \">\r\n                                    <div class=\"ct-list-icon\">\r\n                        <i aria-hidden=\"true\" class=\"far fa-arrow-alt-circle-right\"><\/i>                    <\/div>\r\n                            \t<div class=\"ct-list-content\">\r\n\t            \tDe l'\u00e9dition des bulletins de salaires\t            <\/div>\r\n           <\/div>\r\n                    <div class=\"ct-list-item \">\r\n                                    <div class=\"ct-list-icon\">\r\n                        <i aria-hidden=\"true\" class=\"far fa-arrow-alt-circle-right\"><\/i>                    <\/div>\r\n                            \t<div class=\"ct-list-content\">\r\n\t            \tDes d\u00e9clarations sociales et fiscales. \t            <\/div>\r\n           <\/div>\r\n                    <div class=\"ct-list-item \">\r\n                                    <div class=\"ct-list-icon\">\r\n                        <i aria-hidden=\"true\" class=\"far fa-arrow-alt-circle-right\"><\/i>                    <\/div>\r\n                            \t<div class=\"ct-list-content\">\r\n\t            \tDe comptabiliser les \u00e9l\u00e9ments de paie\t            <\/div>\r\n           <\/div>\r\n            <\/div>\r\n\t\t<\/div>\n\t\t\t\t<\/div>\n\t\t\t\t<div class=\"elementor-element elementor-element-728b844 elementor-widget elementor-widget-spacer\" data-id=\"728b844\" data-element_type=\"widget\" data-widget_type=\"spacer.default\">\n\t\t\t\t<div class=\"elementor-widget-container\">\n\t\t\t<style>\/*! elementor - v3.7.1 - 14-08-2022 *\/\n.elementor-column .elementor-spacer-inner{height:var(--spacer-size)}.e-container{--container-widget-width:100%}.e-container>.elementor-widget-spacer{width:var(--container-widget-width,var(--spacer-size));-ms-flex-item-align:stretch;align-self:stretch;-ms-flex-negative:0;flex-shrink:0}.e-container>.elementor-widget-spacer>.elementor-widget-container,.e-container>.elementor-widget-spacer>.elementor-widget-container>.elementor-spacer{height:100%}.e-container>.elementor-widget-spacer>.elementor-widget-container>.elementor-spacer>.elementor-spacer-inner{height:var(--container-widget-height,var(--spacer-size))}<\/style>\t\t<div class=\"elementor-spacer\">\n\t\t\t<div class=\"elementor-spacer-inner\"><\/div>\n\t\t<\/div>\n\t\t\t\t<\/div>\n\t\t\t\t<\/div>\n\t\t\t\t<div class=\"elementor-element elementor-element-5eebba7 elementor-widget elementor-widget-image\" data-id=\"5eebba7\" data-element_type=\"widget\" data-widget_type=\"image.default\">\n\t\t\t\t<div class=\"elementor-widget-container\">\n\t\t\t<style>\/*! elementor - v3.7.1 - 14-08-2022 *\/\n.elementor-widget-image{text-align:center}.elementor-widget-image a{display:inline-block}.elementor-widget-image a img[src$=\".svg\"]{width:48px}.elementor-widget-image img{vertical-align:middle;display:inline-block}<\/style>\t\t\t\t\t\t\t\t\t\t\t\t<img width=\"640\" height=\"368\" src=\"http:\/\/comcom.sn\/wp-content\/uploads\/2022\/07\/281990551_138405802108857_5784925390108534964_n.jpg\" class=\"attachment-large size-large\" alt=\"\" srcset=\"http:\/\/comcom.sn\/wp-content\/uploads\/2022\/07\/281990551_138405802108857_5784925390108534964_n.jpg 870w, http:\/\/comcom.sn\/wp-content\/uploads\/2022\/07\/281990551_138405802108857_5784925390108534964_n-300x172.jpg 300w, http:\/\/comcom.sn\/wp-content\/uploads\/2022\/07\/281990551_138405802108857_5784925390108534964_n-768x441.jpg 768w, http:\/\/comcom.sn\/wp-content\/uploads\/2022\/07\/281990551_138405802108857_5784925390108534964_n-600x345.jpg 600w\" sizes=\"(max-width: 640px) 100vw, 640px\" \/>\t\t\t\t\t\t\t\t\t\t\t\t\t\t\t<\/div>\n\t\t\t\t<\/div>\n\t\t            <\/div>\n        <\/div>\n                <div class=\"elementor-column elementor-col-50 elementor-top-column elementor-element elementor-element-ac4e870\" data-id=\"ac4e870\" data-element_type=\"column\">\n            <div class=\"elementor-widget-wrap elementor-element-populated\">\n                        \t\t<div class=\"elementor-element elementor-element-d60a2a4 elementor-widget elementor-widget-image\" data-id=\"d60a2a4\" data-element_type=\"widget\" data-widget_type=\"image.default\">\n\t\t\t\t<div class=\"elementor-widget-container\">\n\t\t\t\t\t\t\t\t\t\t\t\t\t\t\t<img width=\"640\" height=\"454\" src=\"http:\/\/comcom.sn\/wp-content\/uploads\/2022\/07\/service-comptable-1270x900-1-1024x726.png\" class=\"attachment-large size-large\" alt=\"\" srcset=\"http:\/\/comcom.sn\/wp-content\/uploads\/2022\/07\/service-comptable-1270x900-1-1024x726.png 1024w, http:\/\/comcom.sn\/wp-content\/uploads\/2022\/07\/service-comptable-1270x900-1-300x213.png 300w, http:\/\/comcom.sn\/wp-content\/uploads\/2022\/07\/service-comptable-1270x900-1-768x544.png 768w, http:\/\/comcom.sn\/wp-content\/uploads\/2022\/07\/service-comptable-1270x900-1-600x425.png 600w, http:\/\/comcom.sn\/wp-content\/uploads\/2022\/07\/service-comptable-1270x900-1.png 1270w\" sizes=\"(max-width: 640px) 100vw, 640px\" \/>\t\t\t\t\t\t\t\t\t\t\t\t\t\t\t<\/div>\n\t\t\t\t<\/div>\n\t\t\t\t<div class=\"elementor-element elementor-element-8527c3f elementor-widget elementor-widget-spacer\" data-id=\"8527c3f\" data-element_type=\"widget\" data-widget_type=\"spacer.default\">\n\t\t\t\t<div class=\"elementor-widget-container\">\n\t\t\t\t\t<div class=\"elementor-spacer\">\n\t\t\t<div class=\"elementor-spacer-inner\"><\/div>\n\t\t<\/div>\n\t\t\t\t<\/div>\n\t\t\t\t<\/div>\n\t\t\t\t<div class=\"elementor-element elementor-element-9c71c59 elementor-widget elementor-widget-ct_text_editor\" data-id=\"9c71c59\" data-element_type=\"widget\" data-widget_type=\"ct_text_editor.default\">\n\t\t\t\t<div class=\"elementor-widget-container\">\n\t\t\t<div id=\"ct_text_editor-9c71c59\" class=\"ct-text-editor \" data-wow-delay=\"ms\">\n\t<div class=\"ct-inline-css\"  data-css=\"\n        \t\t\">\n\n    <\/div>\n\t<div class=\"ct-text-editor elementor-clearfix\">\n\t\t<p>Dans les petites et moyennes entreprises, le gestionnaire de paie assure seul cette fonction.<\/p><p>Dans une entreprise de taille interm\u00e9diaire, il sera int\u00e9gr\u00e9 dans une \u00e9quipe sp\u00e9cialis\u00e9e sous la supervision d\u2019un Responsable des ressources humaines ou d\u2019un Directeur financier.\u00a0\u00a0\u00a0\u00a0\u00a0\u00a0\u00a0\u00a0\u00a0\u00a0\u00a0\u00a0\u00a0\u00a0\u00a0\u00a0\u00a0\u00a0\u00a0\u00a0\u00a0\u00a0\u00a0\u00a0\u00a0\u00a0\u00a0\u00a0\u00a0\u00a0\u00a0\u00a0\u00a0\u00a0\u00a0\u00a0\u00a0\u00a0\u00a0\u00a0\u00a0\u00a0\u00a0\u00a0\u00a0\u00a0\u00a0\u00a0\u00a0\u00a0\u00a0\u00a0\u00a0\u00a0\u00a0\u00a0\u00a0\u00a0\u00a0\u00a0\u00a0\u00a0\u00a0\u00a0\u00a0\u00a0\u00a0\u00a0\u00a0\u00a0\u00a0\u00a0\u00a0\u00a0\u00a0\u00a0\u00a0\u00a0\u00a0\u00a0\u00a0\u00a0\u00a0\u00a0\u00a0\u00a0\u00a0\u00a0\u00a0 <br \/>Dans les cabinets d&rsquo;expertise comptable, sous l&rsquo;autorit\u00e9 d&rsquo;un expert-comptable ou d&rsquo;un chef de mission, le gestionnaire de paie assure la paie d\u2019un portefeuille de clients du cabinet.\u00a0\u00a0\u00a0\u00a0\u00a0\u00a0\u00a0\u00a0\u00a0\u00a0\u00a0\u00a0\u00a0\u00a0\u00a0\u00a0\u00a0\u00a0\u00a0\u00a0\u00a0\u00a0\u00a0\u00a0\u00a0\u00a0\u00a0\u00a0\u00a0\u00a0\u00a0\u00a0\u00a0\u00a0\u00a0\u00a0\u00a0\u00a0\u00a0\u00a0\u00a0\u00a0\u00a0\u00a0\u00a0\u00a0\u00a0\u00a0\u00a0\u00a0\u00a0\u00a0\u00a0\u00a0\u00a0\u00a0\u00a0\u00a0\u00a0\u00a0\u00a0\u00a0\u00a0\u00a0\u00a0\u00a0\u00a0\u00a0\u00a0\u00a0\u00a0\u00a0\u00a0\u00a0\u00a0\u00a0\u00a0\u00a0\u00a0\u00a0\u00a0\u00a0\u00a0\u00a0\u00a0\u00a0\u00a0\u00a0\u00a0\u00a0\u00a0\u00a0\u00a0\u00a0\u00a0\u00a0\u00a0\u00a0\u00a0\u00a0\u00a0\u00a0\u00a0\u00a0\u00a0\u00a0 <br \/>Selon l&rsquo;organisation le gestionnaire de paie r\u00e9alise ses travaux \u00e0 l&rsquo;aide de logiciels. Il ma\u00eetrise l&rsquo;utilisation des outils bureautiques et les modes de communication et de transfert num\u00e9riques.<\/p>\t\t\n\t<\/div>\n<\/div>\t\t<\/div>\n\t\t\t\t<\/div>\n\t\t            <\/div>\n        <\/div>\n                            <\/div>\n        <\/section>\n        \t\t\t\t\t<\/div>\n\t\t","protected":false},"excerpt":{"rendered":"<p>Le gestionnaire paie, appel\u00e9 aussi \u00ab&nbsp;Comptable Paie&nbsp;\u00bb s\u2019occupe de l\u2019ensemble des \u00e9l\u00e9ments de r\u00e9mun\u00e9ration des salari\u00e9s d\u2019une ou de plusieurs entreprises. Il est charg\u00e9&nbsp;: D&rsquo;assurer le traitement de la paie dans l&rsquo;entreprise, De la collecte des \u00e9l\u00e9ments n\u00e9cessaires \u00e0 l&rsquo;\u00e9laboration des paies De l&rsquo;\u00e9dition des bulletins de salaires Des d\u00e9clarations sociales et fiscales. De comptabiliser [&hellip;]<\/p>\n","protected":false},"author":2,"featured_media":0,"parent":0,"menu_order":0,"comment_status":"closed","ping_status":"closed","template":"","meta":[],"_links":{"self":[{"href":"http:\/\/comcom.sn\/index.php\/wp-json\/wp\/v2\/pages\/6683"}],"collection":[{"href":"http:\/\/comcom.sn\/index.php\/wp-json\/wp\/v2\/pages"}],"about":[{"href":"http:\/\/comcom.sn\/index.php\/wp-json\/wp\/v2\/types\/page"}],"author":[{"embeddable":true,"href":"http:\/\/comcom.sn\/index.php\/wp-json\/wp\/v2\/users\/2"}],"replies":[{"embeddable":true,"href":"http:\/\/comcom.sn\/index.php\/wp-json\/wp\/v2\/comments?post=6683"}],"version-history":[{"count":16,"href":"http:\/\/comcom.sn\/index.php\/wp-json\/wp\/v2\/pages\/6683\/revisions"}],"predecessor-version":[{"id":7165,"href":"http:\/\/comcom.sn\/index.php\/wp-json\/wp\/v2\/pages\/6683\/revisions\/7165"}],"wp:attachment":[{"href":"http:\/\/comcom.sn\/index.php\/wp-json\/wp\/v2\/media?parent=6683"}],"curies":[{"name":"wp","href":"https:\/\/api.w.org\/{rel}","templated":true}]}}