{"id":6681,"date":"2022-04-15T17:42:00","date_gmt":"2022-04-15T17:42:00","guid":{"rendered":"http:\/\/comcom.sn\/?page_id=6681"},"modified":"2022-07-27T16:49:06","modified_gmt":"2022-07-27T16:49:06","slug":"gestionnaire-de-tresorerie","status":"publish","type":"page","link":"http:\/\/comcom.sn\/index.php\/gestionnaire-de-tresorerie\/","title":{"rendered":"GESTIONNAIRE DE TRESORERIE"},"content":{"rendered":"\t\t<div data-elementor-type=\"wp-page\" data-elementor-id=\"6681\" class=\"elementor elementor-6681\">\n\t\t\t\t\t\t\t        <section class=\"elementor-section elementor-top-section elementor-element elementor-element-90fbf07 elementor-section-boxed elementor-section-height-default elementor-section-height-default\" data-id=\"90fbf07\" data-element_type=\"section\">\n            \n                        <div class=\"elementor-container elementor-column-gap-default \">\n                    <div class=\"elementor-column elementor-col-100 elementor-top-column elementor-element elementor-element-b086ee5\" data-id=\"b086ee5\" data-element_type=\"column\">\n            <div class=\"elementor-widget-wrap\">\n                                    <\/div>\n        <\/div>\n                            <\/div>\n        <\/section>\n                <section class=\"elementor-section elementor-top-section elementor-element elementor-element-b960f56 elementor-section-stretched elementor-section-content-middle elementor-section-boxed elementor-section-height-default elementor-section-height-default\" data-id=\"b960f56\" data-element_type=\"section\" data-settings=\"{&quot;stretch_section&quot;:&quot;section-stretched&quot;,&quot;background_background&quot;:&quot;classic&quot;}\">\n            \n                        <div class=\"elementor-container elementor-column-gap-extended \">\n                    <div class=\"elementor-column elementor-col-50 elementor-top-column elementor-element elementor-element-6cebc6d\" data-id=\"6cebc6d\" data-element_type=\"column\">\n            <div class=\"elementor-widget-wrap elementor-element-populated\">\n                        \t\t<div class=\"elementor-element elementor-element-fcbf945 elementor-widget elementor-widget-ct_text_editor\" data-id=\"fcbf945\" data-element_type=\"widget\" data-widget_type=\"ct_text_editor.default\">\n\t\t\t\t<div class=\"elementor-widget-container\">\n\t\t\t<div id=\"ct_text_editor-fcbf945\" class=\"ct-text-editor \" data-wow-delay=\"ms\">\n\t<div class=\"ct-inline-css\"  data-css=\"\n        \t\t\">\n\n    <\/div>\n\t<div class=\"ct-text-editor elementor-clearfix\">\n\t\t<p><a name=\"_Toc89872332\"><\/a>L\u2019objectif de la formation est de faire acqu\u00e9rir aux auditeurs les comp\u00e9tences professionnelles n\u00e9cessaires \u00e0 la mise en place et au suivi d\u2019une gestion quotidienne et pr\u00e9visionnelle de tr\u00e9sorerie<\/p><p>\u00a0<\/p>\t\t\n\t<\/div>\n<\/div>\t\t<\/div>\n\t\t\t\t<\/div>\n\t\t\t\t<div class=\"elementor-element elementor-element-81e5d02 elementor-widget elementor-widget-ct_text_editor\" data-id=\"81e5d02\" data-element_type=\"widget\" data-widget_type=\"ct_text_editor.default\">\n\t\t\t\t<div class=\"elementor-widget-container\">\n\t\t\t<div id=\"ct_text_editor-81e5d02\" class=\"ct-text-editor \" data-wow-delay=\"ms\">\n\t<div class=\"ct-inline-css\"  data-css=\"\n        \t\t\">\n\n    <\/div>\n\t<div class=\"ct-text-editor elementor-clearfix\">\n\t\t<p>Le gestionnaire de tr\u00e9sorerie appel\u00e9 aussi \u00ab\u00a0Tr\u00e9sorier\u00a0\u00bb est charg\u00e9\u00a0:<\/p>\t\t\n\t<\/div>\n<\/div>\t\t<\/div>\n\t\t\t\t<\/div>\n\t\t\t\t<div class=\"elementor-element elementor-element-4872f86 elementor-widget elementor-widget-ct_list\" data-id=\"4872f86\" data-element_type=\"widget\" data-widget_type=\"ct_list.default\">\n\t\t\t\t<div class=\"elementor-widget-container\">\n\t\t\t    <div class=\"ct-list\">\r\n                    <div class=\"ct-list-item \">\r\n                                    <div class=\"ct-list-icon\">\r\n                        <i aria-hidden=\"true\" class=\"far fa-arrow-alt-circle-right\"><\/i>                    <\/div>\r\n                            \t<div class=\"ct-list-content\">\r\n\t            \tD\u2019\u00e9laborer et analyser une pr\u00e9vision de tr\u00e9sorerie\t            <\/div>\r\n           <\/div>\r\n                    <div class=\"ct-list-item \">\r\n                                    <div class=\"ct-list-icon\">\r\n                        <i aria-hidden=\"true\" class=\"far fa-arrow-alt-circle-right\"><\/i>                    <\/div>\r\n                            \t<div class=\"ct-list-content\">\r\n\t            \tDe g\u00e9rer au jour le jour des liquidit\u00e9s de l\u2019entreprise \t            <\/div>\r\n           <\/div>\r\n                    <div class=\"ct-list-item \">\r\n                                    <div class=\"ct-list-icon\">\r\n                        <i aria-hidden=\"true\" class=\"far fa-arrow-alt-circle-right\"><\/i>                    <\/div>\r\n                            \t<div class=\"ct-list-content\">\r\n\t            \tDe g\u00e9rer les flux\t            <\/div>\r\n           <\/div>\r\n                    <div class=\"ct-list-item \">\r\n                                    <div class=\"ct-list-icon\">\r\n                        <i aria-hidden=\"true\" class=\"far fa-arrow-alt-circle-right\"><\/i>                    <\/div>\r\n                            \t<div class=\"ct-list-content\">\r\n\t            \tDe contr\u00f4ler les conditions bancaires\t            <\/div>\r\n           <\/div>\r\n                    <div class=\"ct-list-item \">\r\n                                    <div class=\"ct-list-icon\">\r\n                        <i aria-hidden=\"true\" class=\"far fa-arrow-alt-circle-right\"><\/i>                    <\/div>\r\n                            \t<div class=\"ct-list-content\">\r\n\t            \tD\u2019\u00e9laborer la position de change et de taux.\t            <\/div>\r\n           <\/div>\r\n            <\/div>\r\n\t\t<\/div>\n\t\t\t\t<\/div>\n\t\t\t\t<div class=\"elementor-element elementor-element-079eff9 elementor-widget elementor-widget-spacer\" data-id=\"079eff9\" data-element_type=\"widget\" data-widget_type=\"spacer.default\">\n\t\t\t\t<div class=\"elementor-widget-container\">\n\t\t\t<style>\/*! elementor - v3.7.1 - 14-08-2022 *\/\n.elementor-column .elementor-spacer-inner{height:var(--spacer-size)}.e-container{--container-widget-width:100%}.e-container>.elementor-widget-spacer{width:var(--container-widget-width,var(--spacer-size));-ms-flex-item-align:stretch;align-self:stretch;-ms-flex-negative:0;flex-shrink:0}.e-container>.elementor-widget-spacer>.elementor-widget-container,.e-container>.elementor-widget-spacer>.elementor-widget-container>.elementor-spacer{height:100%}.e-container>.elementor-widget-spacer>.elementor-widget-container>.elementor-spacer>.elementor-spacer-inner{height:var(--container-widget-height,var(--spacer-size))}<\/style>\t\t<div class=\"elementor-spacer\">\n\t\t\t<div class=\"elementor-spacer-inner\"><\/div>\n\t\t<\/div>\n\t\t\t\t<\/div>\n\t\t\t\t<\/div>\n\t\t\t\t<div class=\"elementor-element elementor-element-4d0e4e0 elementor-widget elementor-widget-image\" data-id=\"4d0e4e0\" data-element_type=\"widget\" data-widget_type=\"image.default\">\n\t\t\t\t<div class=\"elementor-widget-container\">\n\t\t\t<style>\/*! elementor - v3.7.1 - 14-08-2022 *\/\n.elementor-widget-image{text-align:center}.elementor-widget-image a{display:inline-block}.elementor-widget-image a img[src$=\".svg\"]{width:48px}.elementor-widget-image img{vertical-align:middle;display:inline-block}<\/style>\t\t\t\t\t\t\t\t\t\t\t\t<img width=\"640\" height=\"345\" src=\"http:\/\/comcom.sn\/wp-content\/uploads\/2022\/07\/7.png\" class=\"attachment-large size-large\" alt=\"\" srcset=\"http:\/\/comcom.sn\/wp-content\/uploads\/2022\/07\/7.png 848w, http:\/\/comcom.sn\/wp-content\/uploads\/2022\/07\/7-300x162.png 300w, http:\/\/comcom.sn\/wp-content\/uploads\/2022\/07\/7-768x414.png 768w, http:\/\/comcom.sn\/wp-content\/uploads\/2022\/07\/7-600x323.png 600w\" sizes=\"(max-width: 640px) 100vw, 640px\" \/>\t\t\t\t\t\t\t\t\t\t\t\t\t\t\t<\/div>\n\t\t\t\t<\/div>\n\t\t            <\/div>\n        <\/div>\n                <div class=\"elementor-column elementor-col-50 elementor-top-column elementor-element elementor-element-141ff0b\" data-id=\"141ff0b\" data-element_type=\"column\">\n            <div class=\"elementor-widget-wrap elementor-element-populated\">\n                        \t\t<div class=\"elementor-element elementor-element-d70cab1 elementor-widget elementor-widget-image\" data-id=\"d70cab1\" data-element_type=\"widget\" data-widget_type=\"image.default\">\n\t\t\t\t<div class=\"elementor-widget-container\">\n\t\t\t\t\t\t\t\t\t\t\t\t\t\t\t<img width=\"640\" height=\"427\" src=\"http:\/\/comcom.sn\/wp-content\/uploads\/2022\/05\/Sans-titre-4-1024x683.jpg\" class=\"attachment-large size-large\" alt=\"\" srcset=\"http:\/\/comcom.sn\/wp-content\/uploads\/2022\/05\/Sans-titre-4-1024x683.jpg 1024w, http:\/\/comcom.sn\/wp-content\/uploads\/2022\/05\/Sans-titre-4-300x200.jpg 300w, http:\/\/comcom.sn\/wp-content\/uploads\/2022\/05\/Sans-titre-4-768x512.jpg 768w, http:\/\/comcom.sn\/wp-content\/uploads\/2022\/05\/Sans-titre-4-600x400.jpg 600w, http:\/\/comcom.sn\/wp-content\/uploads\/2022\/05\/Sans-titre-4.jpg 1200w\" sizes=\"(max-width: 640px) 100vw, 640px\" \/>\t\t\t\t\t\t\t\t\t\t\t\t\t\t\t<\/div>\n\t\t\t\t<\/div>\n\t\t\t\t<div class=\"elementor-element elementor-element-7849357 elementor-widget elementor-widget-spacer\" data-id=\"7849357\" data-element_type=\"widget\" data-widget_type=\"spacer.default\">\n\t\t\t\t<div class=\"elementor-widget-container\">\n\t\t\t\t\t<div class=\"elementor-spacer\">\n\t\t\t<div class=\"elementor-spacer-inner\"><\/div>\n\t\t<\/div>\n\t\t\t\t<\/div>\n\t\t\t\t<\/div>\n\t\t\t\t<div class=\"elementor-element elementor-element-fd7baca elementor-widget elementor-widget-ct_text_editor\" data-id=\"fd7baca\" data-element_type=\"widget\" data-widget_type=\"ct_text_editor.default\">\n\t\t\t\t<div class=\"elementor-widget-container\">\n\t\t\t<div id=\"ct_text_editor-fd7baca\" class=\"ct-text-editor \" data-wow-delay=\"ms\">\n\t<div class=\"ct-inline-css\"  data-css=\"\n        \t\t\">\n\n    <\/div>\n\t<div class=\"ct-text-editor elementor-clearfix\">\n\t\t<p style=\"margin: 12pt 0cm 11.25pt;font-size: 12pt;font-family: 'Times New Roman', serif;color: #000000;background-image: initial;background-position: initial;background-size: initial;background-attachment: initial\"><b><span lang=\"FR\" style=\"font-family: Arial, sans-serif\">Ses comp\u00e9tences\u00a0:<\/span><\/b><\/p>\t\t\n\t<\/div>\n<\/div>\t\t<\/div>\n\t\t\t\t<\/div>\n\t\t\t\t<div class=\"elementor-element elementor-element-79fe03a elementor-widget elementor-widget-ct_list\" data-id=\"79fe03a\" data-element_type=\"widget\" data-widget_type=\"ct_list.default\">\n\t\t\t\t<div class=\"elementor-widget-container\">\n\t\t\t    <div class=\"ct-list\">\r\n                    <div class=\"ct-list-item \">\r\n                                    <div class=\"ct-list-icon\">\r\n                        <i aria-hidden=\"true\" class=\"far fa-arrow-alt-circle-right\"><\/i>                    <\/div>\r\n                            \t<div class=\"ct-list-content\">\r\n\t            \t\u00c9laboration de  la pr\u00e9vision de tr\u00e9sorerie sur un pas quotidien ou hebdomadaire, mensuellement ou annuellement en utilisant une m\u00e9thodologie adapt\u00e9e,\t            <\/div>\r\n           <\/div>\r\n                    <div class=\"ct-list-item \">\r\n                                    <div class=\"ct-list-icon\">\r\n                        <i aria-hidden=\"true\" class=\"far fa-arrow-alt-circle-right\"><\/i>                    <\/div>\r\n                            \t<div class=\"ct-list-content\">\r\n\t            \tAnalyse des r\u00e9sultats et \u00e9laboration d\u2019un plan d\u2019action,\t            <\/div>\r\n           <\/div>\r\n                    <div class=\"ct-list-item \">\r\n                                    <div class=\"ct-list-icon\">\r\n                        <i aria-hidden=\"true\" class=\"far fa-arrow-alt-circle-right\"><\/i>                    <\/div>\r\n                            \t<div class=\"ct-list-content\">\r\n\t            \tPrise de d\u00e9cisions relatives aux  \u00e9quilibrages, financements et placements\t            <\/div>\r\n           <\/div>\r\n                    <div class=\"ct-list-item \">\r\n                                    <div class=\"ct-list-icon\">\r\n                        <i aria-hidden=\"true\" class=\"far fa-arrow-alt-circle-right\"><\/i>                    <\/div>\r\n                            \t<div class=\"ct-list-content\">\r\n\t            \tPrise en compte des \u00e9volutions du march\u00e9 mon\u00e9taire\t            <\/div>\r\n           <\/div>\r\n                    <div class=\"ct-list-item \">\r\n                                    <div class=\"ct-list-icon\">\r\n                        <i aria-hidden=\"true\" class=\"far fa-arrow-alt-circle-right\"><\/i>                    <\/div>\r\n                            \t<div class=\"ct-list-content\">\r\n\t            \tG\u00e9rer des flux en utilisant les moyens d\u2019encaissement et de d\u00e9caissement ad\u00e9quats\t            <\/div>\r\n           <\/div>\r\n                    <div class=\"ct-list-item \">\r\n                                    <div class=\"ct-list-icon\">\r\n                        <i aria-hidden=\"true\" class=\"far fa-arrow-alt-circle-right\"><\/i>                    <\/div>\r\n                            \t<div class=\"ct-list-content\">\r\n\t            \tContr\u00f4le du respect des conditions bancaires n\u00e9goci\u00e9es en termes de commission, de dates de valeur, de changes et d\u2019application des taux d\u2019int\u00e9r\u00eat convenus\t            <\/div>\r\n           <\/div>\r\n                    <div class=\"ct-list-item \">\r\n                                    <div class=\"ct-list-icon\">\r\n                        <i aria-hidden=\"true\" class=\"far fa-arrow-alt-circle-right\"><\/i>                    <\/div>\r\n                            \t<div class=\"ct-list-content\">\r\n\t            \t\u00c9valuation des diff\u00e9rents risques de change, de taux dans un environnement simple afin de proposer les produits de couverture correspondants\t            <\/div>\r\n           <\/div>\r\n            <\/div>\r\n\t\t<\/div>\n\t\t\t\t<\/div>\n\t\t            <\/div>\n        <\/div>\n                            <\/div>\n        <\/section>\n        \t\t\t\t\t<\/div>\n\t\t","protected":false},"excerpt":{"rendered":"<p>L\u2019objectif de la formation est de faire acqu\u00e9rir aux auditeurs les comp\u00e9tences professionnelles n\u00e9cessaires \u00e0 la mise en place et au suivi d\u2019une gestion quotidienne et pr\u00e9visionnelle de tr\u00e9sorerie Le gestionnaire de tr\u00e9sorerie appel\u00e9 aussi \u00ab&nbsp;Tr\u00e9sorier&nbsp;\u00bb est charg\u00e9&nbsp;: D\u2019\u00e9laborer et analyser une pr\u00e9vision de tr\u00e9sorerie De g\u00e9rer au jour le jour des liquidit\u00e9s de l\u2019entreprise [&hellip;]<\/p>\n","protected":false},"author":2,"featured_media":0,"parent":0,"menu_order":0,"comment_status":"closed","ping_status":"closed","template":"","meta":[],"_links":{"self":[{"href":"http:\/\/comcom.sn\/index.php\/wp-json\/wp\/v2\/pages\/6681"}],"collection":[{"href":"http:\/\/comcom.sn\/index.php\/wp-json\/wp\/v2\/pages"}],"about":[{"href":"http:\/\/comcom.sn\/index.php\/wp-json\/wp\/v2\/types\/page"}],"author":[{"embeddable":true,"href":"http:\/\/comcom.sn\/index.php\/wp-json\/wp\/v2\/users\/2"}],"replies":[{"embeddable":true,"href":"http:\/\/comcom.sn\/index.php\/wp-json\/wp\/v2\/comments?post=6681"}],"version-history":[{"count":12,"href":"http:\/\/comcom.sn\/index.php\/wp-json\/wp\/v2\/pages\/6681\/revisions"}],"predecessor-version":[{"id":7120,"href":"http:\/\/comcom.sn\/index.php\/wp-json\/wp\/v2\/pages\/6681\/revisions\/7120"}],"wp:attachment":[{"href":"http:\/\/comcom.sn\/index.php\/wp-json\/wp\/v2\/media?parent=6681"}],"curies":[{"name":"wp","href":"https:\/\/api.w.org\/{rel}","templated":true}]}}